{"id":10645,"date":"2020-09-10T14:41:02","date_gmt":"2020-09-10T14:41:02","guid":{"rendered":"https:\/\/gettourguided.com\/?post_type=product&#038;p=10645"},"modified":"2024-10-01T20:15:31","modified_gmt":"2024-10-01T20:15:31","slug":"puerto-plata-city-highlights-tour-with-mount-isabel-lunch","status":"publish","type":"product","link":"https:\/\/gettourguided.com\/cs\/Experiences\/prohlidka-mesta-puerto-plata-s-obedem-na-hore-isabel\/","title":{"rendered":"Puerto Plata: Prohl\u00eddka m\u011bsta s ob\u011bdem a n\u00e1v\u0161t\u011bvou hory Isabel"},"content":{"rendered":"<p>Puerto Plata: Prohl\u00eddka m\u011bsta s ob\u011bdem a n\u00e1v\u0161t\u011bvou hory Isabel<\/p>\n<p>Prozkoumejte Puerto Plata v t\u00e9to pln\u00e9 verzi prohl\u00eddky m\u011bsta! Str\u00e1v\u00edte s n\u00e1mi asi 6-7 hodin a objev\u00edte skute\u010dnou Dominik\u00e1nskou republiku. Na\u0161i pr\u016fvodci hovo\u0159\u00ed anglicky, n\u011bmecky, francouzsky, polsky a \u0161pan\u011blsky.<\/p>\n<p>Vydejte se na vrchol slavn\u00e9 hory Isabel a vychutnejte si pohled na pob\u0159e\u017e\u00ed a m\u011bsto Puerto Plata z pta\u010d\u00ed perspektivy. Vydejte se na p\u0159\u00edjemnou proch\u00e1zku exotick\u00fdm n\u00e1rodn\u00edm parkem Isabela Peak. Vychutnejte si \u017eivou p\u0159\u00edrodu v botanick\u00e9 zahrad\u011b.<\/p>\n<p>Pak si prohl\u00e9dn\u011bte koloni\u00e1ln\u00ed m\u011bsto: Filipa a barevn\u00e9 star\u00e9 d\u0159ev\u011bn\u00e9 domy kolem n\u00ed, slavnou De\u0161tn\u00edkovou ulici a R\u016f\u017eovou ulici Dona Blanca. Ochutnejte \u010derstv\u00fd kokos od pouli\u010dn\u00edho prodava\u010de! Ud\u011blejte si voln\u00fd \u010das na \u0161\u00e1lek dominik\u00e1nsk\u00e9 k\u00e1vy nebo studen\u00e9 pivo. Pokud si p\u0159ejete, m\u016f\u017eete si zde po\u0159\u00eddit n\u011bjak\u00e9 suven\u00fdry. Prozkoumejte pevnost svat\u00e9ho Filipa pod\u00e9l p\u0159\u00edstavn\u00ed z\u00e1toky a prohl\u00e9dn\u011bte si ryb\u00e1\u0159sk\u00e9 lod\u011b na p\u0159\u00edmo\u0159sk\u00e9m bulv\u00e1ru Malecon.<\/p>\n<p>Odpoledne si d\u00e1te typick\u00fd dominik\u00e1nsk\u00fd ob\u011bd: rybu nebo maso s r\u00fd\u017e\u00ed a fazolemi. \u0158\u00edk\u00e1 se mu \"bandera dominicana\" - \"dominik\u00e1nsk\u00e1 vlajka\". Pokud jste vegetari\u00e1ni nebo vegani, za\u0159\u00edd\u00edme pro v\u00e1s n\u011bco jin\u00e9ho. Nealkoholick\u00e9 n\u00e1poje b\u011bhem j\u00eddla jsou v cen\u011b.<\/p>\n<p>Po j\u00eddle nav\u0161t\u00edv\u00edte tov\u00e1rnu Macorix House of Rum, kde m\u016f\u017eete ochutnat mnoho druh\u016f rumu a lik\u00e9r\u016f z cukrov\u00e9 t\u0159tiny. Uc\u00edt\u00edte zde karibskou atmosf\u00e9ru \ud83d\ude42<\/p>\n<p>Dominik\u00e1nsk\u00e1 republika je zn\u00e1m\u00e1 jako nejv\u011bt\u0161\u00ed sv\u011btov\u00fd producent bio kakaa. Nav\u0161t\u00edv\u00edte tov\u00e1rnu na v\u00fdrobu bio \u010dokol\u00e1dy v Puerto Plata, kde ji m\u016f\u017eete ochutnat.<\/p>\n<p>Nakonec se m\u016f\u017eeme na chv\u00edli zastavit v supermarketu, abyste si mohli nakoupit dominik\u00e1nsk\u00e9 zbo\u017e\u00ed: rum, k\u00e1vu, kakao atd. za p\u0159ijateln\u00e9 m\u00edstn\u00ed ceny.<\/p>\n<p>Na konci prohl\u00eddky budete p\u0159ekvapeni, kolik toho lze na Puerto Plata City Tour stihnout \ud83d\ude42 Bude to den, kter\u00fd ve v\u00e1s zanech\u00e1 skv\u011bl\u00e9 vzpom\u00ednky na Dominik\u00e1nskou republiku! Neztr\u00e1cejte \u010das, vezm\u011bte to v\u0161echno.<\/p>","protected":false},"excerpt":{"rendered":"<div data-track=\"overview\" data-v-83a2b402=\"\">\n<section id=\"activity-overview\" class=\"activity-overview\" data-component=\"overview\" data-v-83a2b402=\"\" data-v-f3236c42=\"\">\n<p class=\"activity-overview__content\" data-test-id=\"activity-overview-content\" data-v-f3236c42=\"\">Prohl\u00e9dn\u011bte si Puerto Plata b\u011bhem t\u00e9to okru\u017en\u00ed j\u00edzdy m\u011bstem, vyje\u010fte na vrchol hory Isabel, pod\u00edvejte se na pob\u0159e\u017e\u00ed z pta\u010d\u00ed perspektivy, projd\u011bte exotick\u00fdm n\u00e1rodn\u00edm parkem a pot\u00e9 si vychutnejte typick\u00fd ob\u011bd.<\/p>\n<\/section>\n<\/div>\n<div data-track=\"key-details\" data-v-83a2b402=\"\"><\/div>","protected":false},"featured_media":10647,"template":"","meta":[],"product_cat":[100],"product_tag":[102,101],"class_list":{"0":"post-10645","1":"product","2":"type-product","3":"status-publish","4":"has-post-thumbnail","6":"product_cat-dominican-republic","7":"product_tag-excursion","8":"product_tag-tour","10":"first","11":"instock","12":"sale","13":"shipping-taxable","14":"product-type-external"},"_links":{"self":[{"href":"https:\/\/gettourguided.com\/cs\/wp-json\/wp\/v2\/product\/10645","targetHints":{"allow":["GET"]}}],"collection":[{"href":"https:\/\/gettourguided.com\/cs\/wp-json\/wp\/v2\/product"}],"about":[{"href":"https:\/\/gettourguided.com\/cs\/wp-json\/wp\/v2\/types\/product"}],"wp:featuredmedia":[{"embeddable":true,"href":"https:\/\/gettourguided.com\/cs\/wp-json\/wp\/v2\/media\/10647"}],"wp:attachment":[{"href":"https:\/\/gettourguided.com\/cs\/wp-json\/wp\/v2\/media?parent=10645"}],"wp:term":[{"taxonomy":"product_cat","embeddable":true,"href":"https:\/\/gettourguided.com\/cs\/wp-json\/wp\/v2\/product_cat?post=10645"},{"taxonomy":"product_tag","embeddable":true,"href":"https:\/\/gettourguided.com\/cs\/wp-json\/wp\/v2\/product_tag?post=10645"}],"curies":[{"name":"wp","href":"https:\/\/api.w.org\/{rel}","templated":true}]}}