{"id":13271,"date":"2024-09-16T21:00:37","date_gmt":"2024-09-16T21:00:37","guid":{"rendered":"https:\/\/gettourguided.com\/?post_type=product&#038;p=13271"},"modified":"2024-09-16T21:01:08","modified_gmt":"2024-09-16T21:01:08","slug":"santo-domingo-three-eyes-national-park-immersion","status":"publish","type":"product","link":"https:\/\/gettourguided.com\/cs\/Experiences\/ponoreni-do-narodniho-parku-santo-domingo-three-eyes\/","title":{"rendered":"Santo Domingo: N\u00e1rodn\u00ed park T\u0159i o\u010di"},"content":{"rendered":"<section class=\"full-description activity-experience__item\" data-test-id=\"activity-full-description\" data-v-2760aec9=\"\" data-v-5835c99c=\"\">\n<div class=\"activity-accordion-item\" data-v-5835c99c=\"\">\n<div class=\"activity-accordion-item__content--hidden activity-accordion-item__content\">\n<section class=\"toggle-content\" data-v-5835c99c=\"\" data-v-59485d64=\"\">\n<div class=\"toggle-content__content toggle-content__content--expanded toggle-content__content--packable\" data-v-59485d64=\"\">\n<div data-test-id=\"activity-full-description-text\" data-v-5835c99c=\"\">V\u00edtejte na nezapomenuteln\u00e9m z\u00e1\u017eitku v kouzeln\u00e9m Santo Domingu, nejv\u011bt\u0161\u00edm m\u011bst\u011b Dominik\u00e1nsk\u00e9 republiky! Jste p\u0159ipraveni vydat se na \u00fa\u017easnou cestu plnou skryt\u00fdch div\u016f v podzem\u00ed? Dovolte mi, abych v\u00e1m p\u0159edstavil na\u0161e vzru\u0161uj\u00edc\u00ed a autentick\u00e9 \"Podzemn\u00ed dobrodru\u017estv\u00ed\".<\/div>\n<div data-test-id=\"activity-full-description-text\" data-v-5835c99c=\"\"><\/div>\n<div data-test-id=\"activity-full-description-text\" data-v-5835c99c=\"\">Zaj\u00edmalo v\u00e1s n\u011bkdy, jak\u00e9 p\u0159\u00edrodn\u00ed poklady se skr\u00fdvaj\u00ed pod ru\u0161n\u00fdm m\u011bstem Santo Domingo? Tou\u017e\u00edte se pono\u0159it do snov\u00e9 krajiny, kde p\u0159\u00edroda vytvo\u0159ila v jeskyn\u00edch autentick\u00e1 mistrovsk\u00e1 d\u00edla? Pokud hled\u00e1te jedine\u010dn\u00fd z\u00e1\u017eitek, kter\u00fd v\u00e1m umo\u017en\u00ed pono\u0159it se do p\u0159\u00edrodn\u00edho a kulturn\u00edho bohatstv\u00ed na\u0161\u00ed zem\u011b, pak je tento z\u00e1jezd ur\u010den pr\u00e1v\u011b v\u00e1m.<\/div>\n<div data-test-id=\"activity-full-description-text\" data-v-5835c99c=\"\"><\/div>\n<div data-test-id=\"activity-full-description-text\" data-v-5835c99c=\"\">P\u0159edstavte si, \u017ee se pono\u0159\u00edte do v\u00fdjime\u010dn\u00e9 cesty s nad\u0161en\u00fdm m\u00edstn\u00edm pr\u016fvodcem, kter\u00fd v\u00e1m odhal\u00ed nejtajn\u011bj\u0161\u00ed tajemstv\u00ed tohoto podzemn\u00edho r\u00e1je. P\u0159\u00edroda se zde st\u00e1v\u00e1 um\u011blcem a vytv\u00e1\u0159\u00ed dechberouc\u00ed \u00fatvary zn\u00e1m\u00e9 jako \"espeleot\u00e9my\", kter\u00e9 v\u00e1s zanechaj\u00ed v \u00fa\u017easu. Ka\u017ed\u00fd kout parku je pln\u00fd p\u0159ekvapen\u00ed a z\u00e1zrak\u016f, od oslniv\u00fdch vnit\u0159n\u00edch jezer po jeskyn\u011b ukr\u00fdvaj\u00edc\u00ed p\u0159\u00edb\u011bhy p\u0159edk\u016f a domorod\u00e9 ob\u0159ady.<\/div>\n<div data-test-id=\"activity-full-description-text\" data-v-5835c99c=\"\"><\/div>\n<div data-test-id=\"activity-full-description-text\" data-v-5835c99c=\"\">Na\u0161e cesta za\u010d\u00edn\u00e1 prohl\u00eddkou t\u0159\u00ed vnit\u0159n\u00edch a jednoho vn\u011bj\u0161\u00edho jezera, m\u00edst, kter\u00e1 jsou z\u0159\u00eddka nav\u0161t\u011bvovan\u00e1, ale p\u0159esto jsou nesrovnateln\u011b kr\u00e1sn\u011bj\u0161\u00ed. U sirn\u00e9ho jezera se dozv\u00edte o p\u016fvodu vody v cenotech a jejich ekologick\u00e9m v\u00fdznamu. Pot\u00e9 v\u00e1s jezero La Nevera (lednice) uchv\u00e1t\u00ed sv\u00fdmi jedine\u010dn\u00fdmi barvami uvnit\u0159 p\u016fsobiv\u00e9 jeskyn\u011b. Vyd\u00e1me se na vzru\u0161uj\u00edc\u00ed dobrodru\u017estv\u00ed na raftech, abychom se dostali ke \u010dtvrt\u00e9mu jezeru, co\u017e je z\u00e1\u017eitek, na kter\u00fd nikdy nezapomenete. Tam se uprost\u0159ed atmosf\u00e9ry p\u0159edk\u016f stanete sv\u011bdky nejkr\u00e1sn\u011bj\u0161\u00edho cenotu v zemi se smaragdovou vodou a bujnou vegetac\u00ed, ve kter\u00e9 se budete c\u00edtit jako ve snu.<\/div>\n<div data-test-id=\"activity-full-description-text\" data-v-5835c99c=\"\"><\/div>\n<div data-test-id=\"activity-full-description-text\" data-v-5835c99c=\"\">U D\u00e1msk\u00e9ho jezera v\u00e1s dojme dojemn\u00fd p\u0159\u00edb\u011bh t\u00fdkaj\u00edc\u00ed se \u017een a jejich d\u011bt\u00ed. M\u016f\u017eete se zde dotknout vody a poc\u00edtit pozitivn\u00ed energii vyza\u0159uj\u00edc\u00ed z tohoto magick\u00e9ho m\u00edsta. Pot\u00e9 se projdeme po stezk\u00e1ch parku a budeme obdivovat fascinuj\u00edc\u00ed fl\u00f3ru a faunu, kter\u00e1 n\u00e1s obklopuje.<\/div>\n<div data-test-id=\"activity-full-description-text\" data-v-5835c99c=\"\"><\/div>\n<div data-test-id=\"activity-full-description-text\" data-v-5835c99c=\"\">N\u00e1\u0161 z\u00e1\u017eitek je jedine\u010dn\u00fd a exkluzivn\u00ed, proto\u017ee park nav\u0161t\u011bvujeme ve zvl\u00e1\u0161tn\u00ed dobu, je\u0161t\u011b p\u0159ed p\u0159\u00edjezdem velk\u00fdch turistick\u00fdch skupin. To zaru\u010duje autentick\u00e9 a jedine\u010dn\u00e9 dobrodru\u017estv\u00ed.<\/div>\n<div data-test-id=\"activity-full-description-text\" data-v-5835c99c=\"\"><\/div>\n<div data-test-id=\"activity-full-description-text\" data-v-5835c99c=\"\">Nenechte si uj\u00edt tuto jedine\u010dnou p\u0159\u00edle\u017eitost. Rezervujte si m\u00edsto a p\u0159ipravte se na nezapomenuteln\u00fd z\u00e1\u017eitek v Dominik\u00e1nsk\u00e9 republice. P\u0159ij\u010fte se st\u00e1t sv\u011bdky majest\u00e1tnosti a kouzla na\u0161ich p\u0159\u00edrodn\u00edch a kulturn\u00edch div\u016f b\u011bhem tohoto podzemn\u00edho dobrodru\u017estv\u00ed!<\/div>\n<div data-test-id=\"activity-full-description-text\" data-v-5835c99c=\"\"><\/div>\n<div data-test-id=\"activity-full-description-text\" data-v-5835c99c=\"\">T\u011b\u0161\u00edme se, a\u017e pro\u017eijete v\u00fdjime\u010dn\u00fd den, kdy se va\u0161e smysly probud\u00ed naplno a vy se hluboce spoj\u00edte s p\u0159\u00edrodn\u00edm bohatstv\u00edm na\u0161\u00ed milovan\u00e9 zem\u011b. Nenechte si tuto p\u0159\u00edle\u017eitost uniknout!<\/div>\n<\/div>\n<\/section>\n<\/div>\n<\/div>\n<\/section>\n<section class=\"activity-includes activity-experience__item\" data-test-id=\"activity-includes-section\" data-v-2760aec9=\"\" data-v-7976cbc6=\"\">\n<div class=\"activity-accordion-item\" data-v-7976cbc6=\"\">\n<div class=\"activity-accordion-item-header\"><\/div>\n<div class=\"activity-accordion-item__content--hidden activity-accordion-item__content\">\n<section class=\"activity-inclusions\" data-test-id=\"activity-inclusions\" data-v-7976cbc6=\"\" data-v-de44b8f4=\"\">&nbsp;<\/p>\n<\/section>\n<\/div>\n<\/div>\n<\/section>","protected":false},"excerpt":{"rendered":"<div data-track=\"overview\" data-v-83a2b402=\"\">\n<section id=\"activity-overview\" class=\"activity-overview\" data-component=\"overview\" data-v-83a2b402=\"\" data-v-f3236c42=\"\">\n<p class=\"activity-overview__content\" data-test-id=\"activity-overview-content\" data-v-f3236c42=\"\">Objevte okouzluj\u00edc\u00ed cenoty v Santo Domingu. Prozkoumejte magick\u00e9 podzem\u00ed Los Tres Ojos a spojte se s p\u0159\u00edrodou a kulturou. Exkluzivn\u00ed dobrodru\u017estv\u00ed!<\/p>\n<\/section>\n<\/div>\n<div data-track=\"key-details\" data-v-83a2b402=\"\"><\/div>","protected":false},"featured_media":13272,"template":"","meta":[],"product_cat":[100],"product_tag":[102,101],"class_list":{"0":"post-13271","1":"product","2":"type-product","3":"status-publish","4":"has-post-thumbnail","6":"product_cat-dominican-republic","7":"product_tag-excursion","8":"product_tag-tour","10":"first","11":"instock","12":"shipping-taxable","13":"product-type-external"},"_links":{"self":[{"href":"https:\/\/gettourguided.com\/cs\/wp-json\/wp\/v2\/product\/13271","targetHints":{"allow":["GET"]}}],"collection":[{"href":"https:\/\/gettourguided.com\/cs\/wp-json\/wp\/v2\/product"}],"about":[{"href":"https:\/\/gettourguided.com\/cs\/wp-json\/wp\/v2\/types\/product"}],"wp:featuredmedia":[{"embeddable":true,"href":"https:\/\/gettourguided.com\/cs\/wp-json\/wp\/v2\/media\/13272"}],"wp:attachment":[{"href":"https:\/\/gettourguided.com\/cs\/wp-json\/wp\/v2\/media?parent=13271"}],"wp:term":[{"taxonomy":"product_cat","embeddable":true,"href":"https:\/\/gettourguided.com\/cs\/wp-json\/wp\/v2\/product_cat?post=13271"},{"taxonomy":"product_tag","embeddable":true,"href":"https:\/\/gettourguided.com\/cs\/wp-json\/wp\/v2\/product_tag?post=13271"}],"curies":[{"name":"wp","href":"https:\/\/api.w.org\/{rel}","templated":true}]}}