{"id":14077,"date":"2020-09-18T05:51:39","date_gmt":"2020-09-18T05:51:39","guid":{"rendered":"https:\/\/gettourguided.com\/?post_type=product&#038;p=14077"},"modified":"2024-09-18T22:07:50","modified_gmt":"2024-09-18T22:07:50","slug":"4-wheel-adventure","status":"publish","type":"product","link":"https:\/\/gettourguided.com\/cs\/Experiences\/dobrodruzstvi-na-4-kolech\/","title":{"rendered":"Dobrodru\u017estv\u00ed na 4 kolech"},"content":{"rendered":"<p><strong>Dobrodru\u017estv\u00ed na 4 kolech<\/strong><\/p>\n<div class=\"woocommerce-product-details__short-description\">\n<div data-track=\"key-details\" data-v-83a2b402=\"\">Vydejte se s n\u00e1mi na dobrodru\u017estv\u00ed na \u010dty\u0159ech kolech! Vyzvedneme v\u00e1s z va\u0161eho hotelu v Playa Dorada, Sosua nebo Cabarete a odvezeme v\u00e1s na v\u00fdchoz\u00ed m\u00edsto v\u00fdletu, kter\u00e9 je vzd\u00e1len\u00e9 pouh\u00fdch 30 minut od Sosua a Puerto Plata. Vezm\u011bte si pros\u00edm oble\u010den\u00ed, kter\u00e9 jste ochotni odhodit, a slune\u010dn\u00ed br\u00fdle, proto\u017ee cesta m\u016f\u017ee b\u00fdt pra\u0161n\u00e1, bl\u00e1tiv\u00e1 a mokr\u00e1. Nevy\u017eaduje se \u017e\u00e1dn\u00fd \u0159idi\u010dsk\u00fd pr\u016fkaz ani speci\u00e1ln\u00ed dovednosti. Po kr\u00e1tk\u00e9 instrukt\u00e1\u017ei za\u010dne va\u0161e nezapomenuteln\u00e9 ter\u00e9nn\u00ed dobrodru\u017estv\u00ed. V\u0161echny pohony 4 kol jsou bezpe\u010dn\u00e9 a snadno ovladateln\u00e9.<\/div>\n<div data-track=\"key-details\" data-v-83a2b402=\"\"><\/div>\n<div data-track=\"key-details\" data-v-83a2b402=\"\">Poznejte p\u0159\u00edrodn\u00ed kr\u00e1sy Dominik\u00e1nsk\u00e9 republiky b\u011bhem tohoto p\u016fldenn\u00edho v\u00fdletu. U\u017eijete si \u00fa\u017easn\u00e9 scen\u00e9rie, bl\u00e1tiv\u00e9 cesty a malebn\u00e9 pl\u00e1\u017ee. Projedete se \u010dty\u0159kolov\u00fdm vozidlem p\u0159es pole cukrov\u00e9 t\u0159tiny a\u017e na pl\u00e1\u017e. Tento v\u00fdlet je ide\u00e1ln\u00ed pro ty, kte\u0159\u00ed se cht\u011bj\u00ed bavit a z\u00e1rove\u0148 pozn\u00e1vat p\u0159\u00edrodn\u00ed kr\u00e1sy Dominik\u00e1nsk\u00e9 republiky.<\/div>\n<\/div>","protected":false},"excerpt":{"rendered":"<div data-track=\"overview\" data-v-83a2b402=\"\">\n<section id=\"activity-overview\" class=\"activity-overview\" data-component=\"overview\" data-v-83a2b402=\"\" data-v-f3236c42=\"\">\n<p class=\"activity-overview__content\" data-test-id=\"activity-overview-content\" data-v-f3236c42=\"\">Proje\u010fte se vlastn\u00edm \u010dty\u0159kolov\u00fdm vozidlem p\u0159es pole cukrov\u00e9 t\u0159tiny a\u017e na pl\u00e1\u017e. U\u017eijte si \u00fa\u017easnou krajinu, bl\u00e1tiv\u00e9 cesty a malebnou pl\u00e1\u017e. Jedn\u00e1 se o p\u016flden pln\u00fd z\u00e1bavy pro ty, kte\u0159\u00ed hledaj\u00ed v\u00fdlet za p\u0159\u00edrodn\u00edmi kr\u00e1sami Dominik\u00e1nsk\u00e9 republiky.<\/p>\n<\/section>\n<\/div>\n<div data-track=\"key-details\" data-v-83a2b402=\"\"><\/div>","protected":false},"featured_media":14078,"template":"","meta":[],"product_cat":[100],"product_tag":[102,101],"class_list":{"0":"post-14077","1":"product","2":"type-product","3":"status-publish","4":"has-post-thumbnail","6":"product_cat-dominican-republic","7":"product_tag-excursion","8":"product_tag-tour","10":"first","11":"instock","12":"shipping-taxable","13":"product-type-external"},"_links":{"self":[{"href":"https:\/\/gettourguided.com\/cs\/wp-json\/wp\/v2\/product\/14077","targetHints":{"allow":["GET"]}}],"collection":[{"href":"https:\/\/gettourguided.com\/cs\/wp-json\/wp\/v2\/product"}],"about":[{"href":"https:\/\/gettourguided.com\/cs\/wp-json\/wp\/v2\/types\/product"}],"wp:featuredmedia":[{"embeddable":true,"href":"https:\/\/gettourguided.com\/cs\/wp-json\/wp\/v2\/media\/14078"}],"wp:attachment":[{"href":"https:\/\/gettourguided.com\/cs\/wp-json\/wp\/v2\/media?parent=14077"}],"wp:term":[{"taxonomy":"product_cat","embeddable":true,"href":"https:\/\/gettourguided.com\/cs\/wp-json\/wp\/v2\/product_cat?post=14077"},{"taxonomy":"product_tag","embeddable":true,"href":"https:\/\/gettourguided.com\/cs\/wp-json\/wp\/v2\/product_tag?post=14077"}],"curies":[{"name":"wp","href":"https:\/\/api.w.org\/{rel}","templated":true}]}}