{"id":14819,"date":"2024-09-19T10:46:12","date_gmt":"2024-09-19T10:46:12","guid":{"rendered":"https:\/\/gettourguided.com\/?post_type=product&#038;p=14819"},"modified":"2024-09-19T10:46:55","modified_gmt":"2024-09-19T10:46:55","slug":"dominican-culture-immersion-all-inclusive-day-trip","status":"publish","type":"product","link":"https:\/\/gettourguided.com\/cs\/Experiences\/ponoreni-do-dominikanske-kultury-v-ramci-celodenniho-vyletu-all-inclusive\/","title":{"rendered":"Pono\u0159en\u00ed do dominik\u00e1nsk\u00e9 kultury: Celodenn\u00ed v\u00fdlet se v\u0161\u00edm v\u0161udy"},"content":{"rendered":"<p>Dominik\u00e1nsk\u00e1 republika nab\u00edz\u00ed mnohem v\u00edc ne\u017e jen b\u00edl\u00e9 p\u00edse\u010dn\u00e9 pl\u00e1\u017ee a luxusn\u00ed letoviska a jak ji l\u00e9pe objevit v safari kamionu?<\/p>\n<p>B\u011bhem tohoto celodenn\u00edho v\u00fdletu se zku\u0161en\u00fdm pr\u016fvodcem v\u00e1s vyzvedneme v hotelu a vyd\u00e1me se na venkov, kde nav\u0161t\u00edv\u00edte plant\u00e1\u017ee k\u00e1vy, kakaa a cukrov\u00e9 t\u0159tiny. Ochutn\u00e1te pravou cukrovou t\u0159tinu, \u010derstv\u00e9 ovoce, mamajuanu (m\u00edstn\u00ed rum) a vyzkou\u0161\u00edte ru\u010dn\u011b vyr\u00e1b\u011bn\u00e9 doutn\u00edky. Dozv\u00edte se tak\u00e9 o z\u00e1sadn\u00edm hospod\u00e1\u0159sk\u00e9m v\u00fdznamu t\u011bchto plant\u00e1\u017e\u00ed.<\/p>\n<p>Pot\u00e9 se vyd\u00e1me do dominik\u00e1nsk\u00fdch hor, kde se setk\u00e1te s m\u00edstn\u00ed farm\u00e1\u0159skou rodinou a sezn\u00e1m\u00edte se s jejich \u017eivotn\u00edm stylem. Uk\u00e1\u017e\u00ed v\u00e1m sv\u016fj domov, povypr\u00e1v\u00ed v\u00e1m o sv\u00e9 pr\u00e1ci i o sv\u00fdch typick\u00fdch pokrmech. Projdeme tak\u00e9 kolem venkovsk\u00e9 \u0161koly, kde se pozdrav\u00edme se \u0161kol\u00e1ky a sezn\u00e1m\u00edme se s dominik\u00e1nsk\u00fdm vzd\u011bl\u00e1vac\u00edm syst\u00e9mem.<\/p>\n<p>Dal\u0161\u00ed zast\u00e1vkou bude m\u011bsto Hig\u00fcey, kde nav\u0161t\u00edv\u00edme baziliku a katedr\u00e1lu Nuestra Se\u00f1ora de la Altagracia. Jedn\u00e1 se o nejv\u00fdznamn\u011bj\u0161\u00ed n\u00e1bo\u017eensk\u00e9 m\u00edsto v cel\u00e9m Karibiku s impozantn\u00ed klenbou, kter\u00e1 je t\u00e9m\u011b\u0159 250 metr\u016f nad zem\u00ed.<\/p>\n<p>Rancho Valencia bude na\u0161\u00ed dal\u0161\u00ed n\u00e1v\u0161t\u011bvou, abychom se sezn\u00e1mili s nejlep\u0161\u00edmi \u0159emesly regionu. Na tomto rozlehl\u00e9m ran\u010di se m\u016f\u017eete tak\u00e9 pokochat a vykoupat v \u0159ece Anamuya.<\/p>\n<p>Na\u0161e prohl\u00eddka skon\u010d\u00ed na majest\u00e1tn\u00ed pl\u00e1\u017ei Macao, kde m\u00e1te nekone\u010dn\u011b mnoho mo\u017enost\u00ed. M\u016f\u017eete se opalovat, koupat se v tyrkysov\u00e9 vod\u011b nebo se jen kochat \u00fachvatn\u00fdm v\u00fdhledem.<\/p>\n<p>Nab\u00eddneme v\u00e1m chutn\u00fd dominik\u00e1nsk\u00fd ob\u011bd a zp\u00e1te\u010dn\u00ed dopravu do va\u0161eho hotelu\/resortu, abyste za\u017eili nezapomenuteln\u00fd z\u00e1\u017eitek z Dominik\u00e1nsk\u00e9 republiky.<\/p>\n<div class=\"toggle-content__content toggle-content__content--expanded toggle-content__content--packable\" data-v-59485d64=\"\">\n<div data-test-id=\"activity-full-description-text\" data-v-5835c99c=\"\">***Pro Airbnb m\u00e1me k dispozici r\u016fzn\u00e1 m\u00edsta vyzvednut\u00ed.<\/div>\n<\/div>\n<div class=\"toggle-content__label-placeholder\" data-v-59485d64=\"\"><\/div>","protected":false},"excerpt":{"rendered":"<div data-track=\"overview\" data-v-83a2b402=\"\">\n<section id=\"activity-overview\" class=\"activity-overview\" data-component=\"overview\" data-v-83a2b402=\"\" data-v-f3236c42=\"\">\n<p class=\"activity-overview__content\" data-test-id=\"activity-overview-content\" data-v-f3236c42=\"\">Tento jedine\u010dn\u00fd z\u00e1jezd je nutnost\u00ed pro ka\u017ed\u00e9ho, kdo se chce sezn\u00e1mit s dominik\u00e1nskou kulturou. Zahrnuje n\u00e1v\u0161t\u011bvu plant\u00e1\u017e\u00ed, zast\u00e1vku na v\u00fdznamn\u00e9m n\u00e1bo\u017eensk\u00e9m m\u00edst\u011b, interakci s m\u00edstn\u00edmi obyvateli a dal\u0161\u00ed...<\/p>\n<\/section>\n<\/div>\n<div data-track=\"key-details\" data-v-83a2b402=\"\"><\/div>","protected":false},"featured_media":14835,"template":"","meta":[],"product_cat":[100],"product_tag":[102,101],"class_list":{"0":"post-14819","1":"product","2":"type-product","3":"status-publish","4":"has-post-thumbnail","6":"product_cat-dominican-republic","7":"product_tag-excursion","8":"product_tag-tour","10":"first","11":"instock","12":"shipping-taxable","13":"product-type-external"},"_links":{"self":[{"href":"https:\/\/gettourguided.com\/cs\/wp-json\/wp\/v2\/product\/14819","targetHints":{"allow":["GET"]}}],"collection":[{"href":"https:\/\/gettourguided.com\/cs\/wp-json\/wp\/v2\/product"}],"about":[{"href":"https:\/\/gettourguided.com\/cs\/wp-json\/wp\/v2\/types\/product"}],"wp:featuredmedia":[{"embeddable":true,"href":"https:\/\/gettourguided.com\/cs\/wp-json\/wp\/v2\/media\/14835"}],"wp:attachment":[{"href":"https:\/\/gettourguided.com\/cs\/wp-json\/wp\/v2\/media?parent=14819"}],"wp:term":[{"taxonomy":"product_cat","embeddable":true,"href":"https:\/\/gettourguided.com\/cs\/wp-json\/wp\/v2\/product_cat?post=14819"},{"taxonomy":"product_tag","embeddable":true,"href":"https:\/\/gettourguided.com\/cs\/wp-json\/wp\/v2\/product_tag?post=14819"}],"curies":[{"name":"wp","href":"https:\/\/api.w.org\/{rel}","templated":true}]}}