{"id":10469,"date":"2020-09-09T17:30:18","date_gmt":"2020-09-09T17:30:18","guid":{"rendered":"https:\/\/gettourguided.com\/?post_type=product&#038;p=10469"},"modified":"2026-01-27T06:27:01","modified_gmt":"2026-01-27T06:27:01","slug":"private-transfers-from-punta-cana-airport-to-hotels","status":"publish","type":"product","link":"https:\/\/gettourguided.com\/de\/Experiences\/privattransfers-vom-flughafen-punta-cana-zum-hotel\/","title":{"rendered":"Private Transfers vom Flughafen Punta Cana zu den Hotels"},"content":{"rendered":"<p><strong>Private Transfers vom Flughafen Punta Cana zu den Hotels<\/strong><\/p>\n<p>Wenn Sie in Punta Cana aus dem Flugzeug steigen, sp\u00fcren Sie sofort die W\u00e4rme der karibischen Sonne, die Sie umgibt. Nachdem Sie Ihr Gep\u00e4ck in Empfang genommen haben, machen Sie sich auf den Weg zum Ankunftsbereich, wo Ihr Fahrer bereits mit einem Schild mit Ihrem Namen auf Sie wartet.<\/p>\n<p>Mit einem freundlichen L\u00e4cheln empf\u00e4ngt man Sie und begleitet Sie zu Ihrem Privatfahrzeug, das direkt vor dem Terminal geparkt ist. Wenn Sie sich in den bequemen Sitzen niederlassen, werden Sie die erfrischende K\u00fchle zu sch\u00e4tzen wissen, die das Temperaturkontrollsystem des Fahrzeugs bietet. Wenn Sie es vorher angefordert haben, wird bereits ein Kindersitz f\u00fcr die Sicherheit und den Komfort Ihres Kindes bereitstehen.<\/p>\n<p>W\u00e4hrend sich Ihre Gruppe versammelt, navigiert Sie der Fahrer gekonnt durch den gesch\u00e4ftigen Flughafenverkehr und bringt Sie weg vom Terminal auf die offenen Stra\u00dfen von Punta Cana. Auf dem Weg dorthin werden Sie einen Blick auf die \u00fcppige tropische Landschaft erhaschen, die dieses wundersch\u00f6ne Reiseziel ausmacht, mit sich wiegenden Palmen und t\u00fcrkisfarbenem Wasser, das die Landschaft pr\u00e4gt.<\/p>\n<p>Auf dem Weg zu Ihrem Hotel erz\u00e4hlt Ihnen Ihr Fahrer interessante Details \u00fcber Punta Cana und gibt Ihnen Insidertipps und Empfehlungen, damit Sie Ihren Aufenthalt optimal nutzen k\u00f6nnen. Sie k\u00f6nnen gerne Fragen stellen oder sich einfach zur\u00fccklehnen und die Fahrt genie\u00dfen, denn Sie wissen, dass Sie in guten H\u00e4nden sind.<\/p>\n<p>Wenn der Transfer abgeschlossen ist, steigen Sie aus dem Fahrzeug und in die einladende Umarmung Ihres Hotels, bereit, Ihr Abenteuer in Punta Cana zu beginnen. Von Anfang bis Ende wird Ihr Flughafentransfer reibungslos, komfortabel und stressfrei sein und den perfekten Rahmen f\u00fcr Ihren Karibikurlaub bilden.<\/p>","protected":false},"excerpt":{"rendered":"<div data-track=\"overview\" data-v-56a1a938=\"\">\n<section id=\"activity-overview\" class=\"activity-overview\" data-component=\"overview\" data-v-56a1a938=\"\" data-v-f3236c42=\"\">\n<p class=\"activity-overview__content\" data-test-id=\"activity-overview-content\" data-v-f3236c42=\"\">Erleben Sie einen reibungslosen Flughafentransfer in Punta Cana mit unseren privaten Fahrzeugen. Ersparen Sie sich die l\u00e4stigen Fahrten mit Fremden und genie\u00dfen Sie eine stressfreie Fahrt zu Ihrem Hotel.<\/p>\n<\/section>\n<\/div>\n<div data-track=\"key-details\" data-v-56a1a938=\"\"><\/div>","protected":false},"featured_media":20409,"template":"","meta":[],"product_cat":[100],"product_tag":[102,101],"class_list":{"0":"post-10469","1":"product","2":"type-product","3":"status-publish","4":"has-post-thumbnail","6":"product_cat-dominican-republic","7":"product_tag-excursion","8":"product_tag-tour","10":"first","11":"instock","12":"sale","13":"shipping-taxable","14":"product-type-external"},"_links":{"self":[{"href":"https:\/\/gettourguided.com\/de\/wp-json\/wp\/v2\/product\/10469","targetHints":{"allow":["GET"]}}],"collection":[{"href":"https:\/\/gettourguided.com\/de\/wp-json\/wp\/v2\/product"}],"about":[{"href":"https:\/\/gettourguided.com\/de\/wp-json\/wp\/v2\/types\/product"}],"wp:featuredmedia":[{"embeddable":true,"href":"https:\/\/gettourguided.com\/de\/wp-json\/wp\/v2\/media\/20409"}],"wp:attachment":[{"href":"https:\/\/gettourguided.com\/de\/wp-json\/wp\/v2\/media?parent=10469"}],"wp:term":[{"taxonomy":"product_cat","embeddable":true,"href":"https:\/\/gettourguided.com\/de\/wp-json\/wp\/v2\/product_cat?post=10469"},{"taxonomy":"product_tag","embeddable":true,"href":"https:\/\/gettourguided.com\/de\/wp-json\/wp\/v2\/product_tag?post=10469"}],"curies":[{"name":"wp","href":"https:\/\/api.w.org\/{rel}","templated":true}]}}