{"id":11066,"date":"2020-09-12T03:12:12","date_gmt":"2020-09-12T03:12:12","guid":{"rendered":"https:\/\/gettourguided.com\/?post_type=product&#038;p=11066"},"modified":"2024-10-07T17:28:52","modified_gmt":"2024-10-07T17:28:52","slug":"el-limon-waterfall-tour-with-lunch","status":"publish","type":"product","link":"https:\/\/gettourguided.com\/de\/Experiences\/besichtigung-des-wasserfalls-von-el-limon-mit-mittagessen\/","title":{"rendered":"El Lim\u00f3n: Wasserfall-Tour mit Mittagessen"},"content":{"rendered":"<div class=\"woocommerce-product-details__short-description\">\n<div data-track=\"overview\" data-v-83a2b402=\"\">\n<section id=\"activity-overview\" class=\"activity-overview\" data-component=\"overview\" data-v-83a2b402=\"\" data-v-f3236c42=\"\">\n<p data-test-id=\"activity-overview-content\" data-v-f3236c42=\"\"><strong>El Lim\u00f3n: Wasserfall-Tour mit Mittagessen<\/strong><\/p>\n<p class=\"activity-overview__content\" data-test-id=\"activity-overview-content\" data-v-f3236c42=\"\">Entdecken Sie die tropische Landschaft der Dominikanischen Republik bei einem Ausflug zum beeindruckenden Wasserfall El Lim\u00f3n. Fahren Sie durch abwechslungsreiches Gel\u00e4nde und genie\u00dfen Sie anschlie\u00dfend ein entspannendes Bad in einem nat\u00fcrlichen S\u00fc\u00dfwasserpool.<\/p>\n<\/section>\n<\/div>\n<\/div>\n<p>Bei der Ankunft erhalten wir eine kurze Erkl\u00e4rung \u00fcber das Erlebnis. Die Route ist f\u00fcr alle Niveaus geeignet. Dann besteigen wir die Tiere und machen uns auf den Weg zum Wasserfall El Lim\u00f3n, einem der sch\u00f6nsten in der ganzen Dominikanischen Republik.<\/p>\n<p>Die Tour f\u00fchrt uns durch den Tropenwald der Halbinsel Saman\u00e1, wo wir die Landschaft mit ihrer \u00fcppigen Vegetation genie\u00dfen k\u00f6nnen. Wir erreichen den Wasserfall und haben Zeit, sein kristallklares Wasser zu genie\u00dfen, das bis zu 50 Meter hoch ist!<\/p>\n<p>Der Wasserfall von El Lim\u00f3n gleitet eine riesige, mit Farnen bewachsene Wand hinunter und m\u00fcndet in ein riesiges nat\u00fcrliches Becken, in dem man herrlich schwimmen kann. Nachdem wir uns in seinem Wasser erfrischt haben, kehren wir zur Ranch zur\u00fcck.<\/p>\n<p>Der Wasserfall El Lim\u00f3n, eingebettet in die tropische Landschaft der Dominikanischen Republik. Durchqueren Sie die unterschiedlichsten Landschaften und tauchen Sie ein in die \u00fcppige Sch\u00f6nheit des tropischen Waldes der Halbinsel Saman\u00e1.<\/p>\n<p>Bestaunen Sie den beeindruckenden 50 Meter hohen Wasserfall, der eine mit Farnen geschm\u00fcckte Wand hinabst\u00fcrzt und in einem ruhigen Naturpool endet, der zu einem erfrischenden Bad einl\u00e4dt. Genie\u00dfen Sie anschlie\u00dfend ein k\u00f6stliches Mittagessen und schwelgen Sie in den Erinnerungen an dieses au\u00dfergew\u00f6hnliche Erlebnis.<\/p>","protected":false},"excerpt":{"rendered":"<div data-track=\"overview\" data-v-83a2b402=\"\">\n<section id=\"activity-overview\" class=\"activity-overview\" data-component=\"overview\" data-v-83a2b402=\"\" data-v-f3236c42=\"\">\n<p class=\"activity-overview__content\" data-test-id=\"activity-overview-content\" data-v-f3236c42=\"\">Entdecken Sie die tropische Landschaft der Dominikanischen Republik bei einem Ausflug zum beeindruckenden Wasserfall El Lim\u00f3n. Fahren Sie durch abwechslungsreiches Gel\u00e4nde und genie\u00dfen Sie anschlie\u00dfend ein entspannendes Bad in einem nat\u00fcrlichen S\u00fc\u00dfwasserpool.<\/p>\n<\/section>\n<\/div>\n<div data-track=\"key-details\" data-v-83a2b402=\"\"><\/div>","protected":false},"featured_media":11067,"template":"","meta":[],"product_cat":[100],"product_tag":[102,101],"class_list":{"0":"post-11066","1":"product","2":"type-product","3":"status-publish","4":"has-post-thumbnail","6":"product_cat-dominican-republic","7":"product_tag-excursion","8":"product_tag-tour","10":"first","11":"instock","12":"sale","13":"shipping-taxable","14":"product-type-external"},"_links":{"self":[{"href":"https:\/\/gettourguided.com\/de\/wp-json\/wp\/v2\/product\/11066","targetHints":{"allow":["GET"]}}],"collection":[{"href":"https:\/\/gettourguided.com\/de\/wp-json\/wp\/v2\/product"}],"about":[{"href":"https:\/\/gettourguided.com\/de\/wp-json\/wp\/v2\/types\/product"}],"wp:featuredmedia":[{"embeddable":true,"href":"https:\/\/gettourguided.com\/de\/wp-json\/wp\/v2\/media\/11067"}],"wp:attachment":[{"href":"https:\/\/gettourguided.com\/de\/wp-json\/wp\/v2\/media?parent=11066"}],"wp:term":[{"taxonomy":"product_cat","embeddable":true,"href":"https:\/\/gettourguided.com\/de\/wp-json\/wp\/v2\/product_cat?post=11066"},{"taxonomy":"product_tag","embeddable":true,"href":"https:\/\/gettourguided.com\/de\/wp-json\/wp\/v2\/product_tag?post=11066"}],"curies":[{"name":"wp","href":"https:\/\/api.w.org\/{rel}","templated":true}]}}