{"id":16248,"date":"2024-09-21T16:22:57","date_gmt":"2024-09-21T16:22:57","guid":{"rendered":"https:\/\/gettourguided.com\/?post_type=product&#038;p=16248"},"modified":"2024-09-21T16:25:10","modified_gmt":"2024-09-21T16:25:10","slug":"tour-buggy-de-medio-dia-playa-macao","status":"publish","type":"product","link":"https:\/\/gettourguided.com\/de\/Experiences\/tour-buggy-de-medio-dia-playa-macao\/","title":{"rendered":"Tour Buggy de Medio d\u00eda Playa Macao"},"content":{"rendered":"<p>Die Macau Buggy Tour ist einer der beliebtesten Ausfl\u00fcge in Punta Cana. Bei diesem unvergesslichen halbt\u00e4gigen Abenteuer fahren wir mit einem Buggy durch die Stra\u00dfen des dominikanischen Hinterlandes. Ein Ausflug mit purem Spa\u00df, Adrenalin, Schlamm und Wasser, bei dem Sie die Gelegenheit haben, ein wenig von der echten Dominikanischen Republik zu entdecken.<\/p>\n<p>Wir fahren querfeldein, bis wir einen atemberaubenden Blick auf den Strand von Macau haben, wo wir einen Halt einlegen, um im faszinierend blauen Wasser zu schwimmen.<\/p>","protected":false},"excerpt":{"rendered":"<div data-track=\"overview\" data-v-83a2b402=\"\">\n<section id=\"activity-overview\" class=\"activity-overview\" data-component=\"overview\" data-v-83a2b402=\"\" data-v-f3236c42=\"\">\n<p class=\"activity-overview__content\" data-test-id=\"activity-overview-content\" data-v-f3236c42=\"\">Genie\u00dfen Sie einen actionreichen Tag auf dem Lande mit einem Quad oder Buggys. Besuchen Sie einige der sch\u00f6nsten Sehensw\u00fcrdigkeiten von Punta Cana, darunter den einzigartigen Macao Beach und die Cenote Taina.<\/p>\n<\/section>\n<\/div>\n<div data-track=\"key-details\" data-v-83a2b402=\"\"><\/div>","protected":false},"featured_media":16249,"template":"","meta":[],"product_cat":[100],"product_tag":[102,101],"class_list":{"0":"post-16248","1":"product","2":"type-product","3":"status-publish","4":"has-post-thumbnail","6":"product_cat-dominican-republic","7":"product_tag-excursion","8":"product_tag-tour","10":"first","11":"instock","12":"shipping-taxable","13":"product-type-external"},"_links":{"self":[{"href":"https:\/\/gettourguided.com\/de\/wp-json\/wp\/v2\/product\/16248","targetHints":{"allow":["GET"]}}],"collection":[{"href":"https:\/\/gettourguided.com\/de\/wp-json\/wp\/v2\/product"}],"about":[{"href":"https:\/\/gettourguided.com\/de\/wp-json\/wp\/v2\/types\/product"}],"wp:featuredmedia":[{"embeddable":true,"href":"https:\/\/gettourguided.com\/de\/wp-json\/wp\/v2\/media\/16249"}],"wp:attachment":[{"href":"https:\/\/gettourguided.com\/de\/wp-json\/wp\/v2\/media?parent=16248"}],"wp:term":[{"taxonomy":"product_cat","embeddable":true,"href":"https:\/\/gettourguided.com\/de\/wp-json\/wp\/v2\/product_cat?post=16248"},{"taxonomy":"product_tag","embeddable":true,"href":"https:\/\/gettourguided.com\/de\/wp-json\/wp\/v2\/product_tag?post=16248"}],"curies":[{"name":"wp","href":"https:\/\/api.w.org\/{rel}","templated":true}]}}