{"id":18914,"date":"2024-09-26T08:34:58","date_gmt":"2024-09-26T08:34:58","guid":{"rendered":"https:\/\/gettourguided.com\/?post_type=product&#038;p=18914"},"modified":"2024-10-06T19:28:16","modified_gmt":"2024-10-06T19:28:16","slug":"ocean-adventures-punta-cana-sail-sun-catamaran-tour","status":"publish","type":"product","link":"https:\/\/gettourguided.com\/de\/Experiences\/ocean-adventures-punta-cana-segeln-sonne-katamaran-tour\/","title":{"rendered":"Ozean-Abenteuer Punta Cana: Segel &amp; Sonne Katamaran Tour"},"content":{"rendered":"<div class=\"toggle-content__content toggle-content__content--expanded toggle-content__content--packable\" data-v-59485d64=\"\">\n<div data-test-id=\"activity-full-description-text\" data-v-5835c99c=\"\">Gehen Sie an Bord eines pr\u00e4chtigen Katamarans und erhalten Sie einen erfrischenden Willkommensdrink. Der Katamaran segelt entlang der K\u00fcste von Bavaro und macht an einem unber\u00fchrten, nat\u00fcrlichen Riff Halt. Hier k\u00f6nnen die G\u00e4ste an einem beeindruckenden Schnorchelabenteuer teilnehmen und in kristallklarem Wasser die lebendige Unterwasserwelt und exquisite Korallenformationen erkunden. Nach der R\u00fcckkehr an Bord ist die Bar f\u00fcr alle ge\u00f6ffnet. Nach einer kurzen Fahrt ankert der Katamaran an einem faszinierenden Naturpool. Auf dieser flachen Sandbank k\u00f6nnen die G\u00e4ste an unterhaltsamen Aktivit\u00e4ten teilnehmen, ihre Getr\u00e4nke von unserer schwimmenden Bar genie\u00dfen, w\u00e4hrend sie die herrliche Umgebung bewundern, oder zu der Musik an Bord tanzen.<\/div>\n<\/div>\n<div class=\"toggle-content__label-placeholder\" data-v-59485d64=\"\"><\/div>","protected":false},"excerpt":{"rendered":"<div data-track=\"overview\" data-v-83a2b402=\"\">\n<section id=\"activity-overview\" class=\"activity-overview\" data-component=\"overview\" data-v-83a2b402=\"\" data-v-f3236c42=\"\">\n<p class=\"activity-overview__content\" data-test-id=\"activity-overview-content\" data-v-f3236c42=\"\">Genie\u00dfen Sie ein Abenteuer auf dem Meer an Bord eines fabelhaften Katamarans, schnorcheln Sie, um bunte Fische und Korallenformationen zu sehen, um dann im nat\u00fcrlichen Pool mit T\u00e4nzen und tropischen Getr\u00e4nken zu enden.<\/p>\n<\/section>\n<\/div>\n<div data-track=\"key-details\" data-v-83a2b402=\"\"><\/div>","protected":false},"featured_media":18916,"template":"","meta":[],"product_cat":[100],"product_tag":[102,101],"class_list":{"0":"post-18914","1":"product","2":"type-product","3":"status-publish","4":"has-post-thumbnail","6":"product_cat-dominican-republic","7":"product_tag-excursion","8":"product_tag-tour","10":"first","11":"instock","12":"sale","13":"shipping-taxable","14":"product-type-external"},"_links":{"self":[{"href":"https:\/\/gettourguided.com\/de\/wp-json\/wp\/v2\/product\/18914","targetHints":{"allow":["GET"]}}],"collection":[{"href":"https:\/\/gettourguided.com\/de\/wp-json\/wp\/v2\/product"}],"about":[{"href":"https:\/\/gettourguided.com\/de\/wp-json\/wp\/v2\/types\/product"}],"wp:featuredmedia":[{"embeddable":true,"href":"https:\/\/gettourguided.com\/de\/wp-json\/wp\/v2\/media\/18916"}],"wp:attachment":[{"href":"https:\/\/gettourguided.com\/de\/wp-json\/wp\/v2\/media?parent=18914"}],"wp:term":[{"taxonomy":"product_cat","embeddable":true,"href":"https:\/\/gettourguided.com\/de\/wp-json\/wp\/v2\/product_cat?post=18914"},{"taxonomy":"product_tag","embeddable":true,"href":"https:\/\/gettourguided.com\/de\/wp-json\/wp\/v2\/product_tag?post=18914"}],"curies":[{"name":"wp","href":"https:\/\/api.w.org\/{rel}","templated":true}]}}