{"id":13044,"date":"2024-09-16T14:58:53","date_gmt":"2024-09-16T14:58:53","guid":{"rendered":"https:\/\/gettourguided.com\/?post_type=product&#038;p=13044"},"modified":"2024-09-16T14:59:41","modified_gmt":"2024-09-16T14:59:41","slug":"punta-cana-private-limousine-transfer-to-from-airport-puj","status":"publish","type":"product","link":"https:\/\/gettourguided.com\/es\/Experiences\/punta-cana-traslado-privado-en-limusina-desde-el-aeropuerto-puj\/","title":{"rendered":"Punta Cana: Traslado privado en limusina desde\/hacia el aeropuerto (PUJ)"},"content":{"rendered":"<p>Este servicio incluye el traslado desde el aeropuerto de Punta Cana a los hoteles cercanos al aeropuerto.<\/p>\n<p>Nuestros conductores le esperan a la salida de la terminal mostrando su nombre en la mano.<\/p>\n<p>A su llegada y salida.<\/p>\n<p>Llegada.<\/p>\n<p>Terminal A:<\/p>\n<p>Una vez que haya pasado la aduana (inmigraci\u00f3n) dir\u00edjase a la salida de la terminal que lleva al aparcamiento, llegue a la cafeter\u00eda con techo de paja al final del pasillo y ver\u00e1 a su conductor con su nombre en la mano.<\/p>\n<p>Terminal B:<\/p>\n<p>Una vez que haya pasado la aduana (inmigraci\u00f3n) dir\u00edjase a la salida de la terminal que lleva al aparcamiento, llegue a la cafeter\u00eda al final del pasillo y ver\u00e1 a su conductor con su nombre en la mano.<\/p>\n<p>En su colecci\u00f3n.<\/p>\n<p>Su conductor estar\u00e1 en el vest\u00edbulo de su hotel 10 minutos antes de la hora de recogida, esper\u00e1ndole con su nombre en la mano.<\/p>\n<p>Si no encuentra a su conductor, en su buz\u00f3n de confirmaci\u00f3n tiene toda la informaci\u00f3n necesaria para ponerse en contacto con nosotros, ll\u00e1menos o p\u00f3ngase en contacto con nosotros a trav\u00e9s de los diferentes canales habilitados.<\/p>\n<p>Es un placer servirle.<\/p>\n<div class=\"toggle-content__content toggle-content__content--expanded toggle-content__content--packable\" data-v-59485d64=\"\">\n<div data-test-id=\"activity-full-description-text\" data-v-5835c99c=\"\">Saludos cordiales.<\/div>\n<\/div>\n<div class=\"toggle-content__label-placeholder\" data-v-59485d64=\"\"><\/div>","protected":false},"excerpt":{"rendered":"<div data-track=\"overview\" data-v-83a2b402=\"\">\n<section id=\"activity-overview\" class=\"activity-overview\" data-component=\"overview\" data-v-83a2b402=\"\" data-v-f3236c42=\"\">\n<p class=\"activity-overview__content\" data-test-id=\"activity-overview-content\" data-v-f3236c42=\"\">Consigue con nosotros un traslado a los hoteles que est\u00e1n cerca del aeropuerto de Punta Cana. Club Med Punta Cana, The Westin Punta Cana Resort, Four Points by Sheraton Puntacana, Tortuga Bay Puntacana Resort.<\/p>\n<\/section>\n<\/div>\n<div data-track=\"key-details\" data-v-83a2b402=\"\"><\/div>","protected":false},"featured_media":13045,"template":"","meta":[],"product_cat":[100],"product_tag":[102,101],"class_list":{"0":"post-13044","1":"product","2":"type-product","3":"status-publish","4":"has-post-thumbnail","6":"product_cat-dominican-republic","7":"product_tag-excursion","8":"product_tag-tour","10":"first","11":"instock","12":"shipping-taxable","13":"product-type-external"},"_links":{"self":[{"href":"https:\/\/gettourguided.com\/es\/wp-json\/wp\/v2\/product\/13044","targetHints":{"allow":["GET"]}}],"collection":[{"href":"https:\/\/gettourguided.com\/es\/wp-json\/wp\/v2\/product"}],"about":[{"href":"https:\/\/gettourguided.com\/es\/wp-json\/wp\/v2\/types\/product"}],"wp:featuredmedia":[{"embeddable":true,"href":"https:\/\/gettourguided.com\/es\/wp-json\/wp\/v2\/media\/13045"}],"wp:attachment":[{"href":"https:\/\/gettourguided.com\/es\/wp-json\/wp\/v2\/media?parent=13044"}],"wp:term":[{"taxonomy":"product_cat","embeddable":true,"href":"https:\/\/gettourguided.com\/es\/wp-json\/wp\/v2\/product_cat?post=13044"},{"taxonomy":"product_tag","embeddable":true,"href":"https:\/\/gettourguided.com\/es\/wp-json\/wp\/v2\/product_tag?post=13044"}],"curies":[{"name":"wp","href":"https:\/\/api.w.org\/{rel}","templated":true}]}}