{"id":15934,"date":"2024-09-21T00:32:54","date_gmt":"2024-09-21T00:32:54","guid":{"rendered":"https:\/\/gettourguided.com\/?post_type=product&#038;p=15934"},"modified":"2024-12-28T09:27:54","modified_gmt":"2024-12-28T09:27:54","slug":"from-punta-cana-samana-cayo-levantado-whales-2","status":"publish","type":"product","link":"https:\/\/gettourguided.com\/es\/Experiences\/desde-punta-cana-samana-cayo-levantado-ballenas-2\/","title":{"rendered":"Desde Punta Cana: Samana Cayo Levantado \/ Ballenas"},"content":{"rendered":"<p>Between 6:00 a.m. and 6:30 a.m., we&#8217;ll pick you up at your Punta Cana hotel and head to Saman\u00e1.<\/p>\n<p>Once there, we will get into an SUV that will take us on a panoramic tour of the town of Santa B\u00e1rbara de Saman\u00e1. You will be able to see from the bus the charming colored houses of this town, as well as the tropical landscapes that surround it.<\/p>\n<p>Next we will go to a hacienda, from where we will walk until we reach the El Lim\u00f3n waterfall. If you prefer, you can also do this journey on horseback. Once there, you can bathe in the pool of turquoise waters that forms under the waterfall.<\/p>\n<p>Upon returning from the waterfall, we will go to the center of Saman\u00e1 to recharge our batteries with a delicious buffet lunch that will include fresh fish, beans, rice and other traditional foods.<\/p>\n<p>Next, we will get on a catamaran to reach Cayo Levantado. This idyllic setting will be the perfect place to enjoy a pi\u00f1a colada, chin-chin!<\/p>\n<div class=\"toggle-content__content toggle-content__content--expanded toggle-content__content--packable\" data-v-59485d64=\"\">\n<div data-test-id=\"activity-full-description-text\" data-v-5835c99c=\"\">Finally, we will return to the coast to catch the minibus and set off towards Punta Cana. Arrival at your hotel is scheduled between 7:00 p.m. and 7:30 p.m.<\/div>\n<\/div>\n<div class=\"toggle-content__label-placeholder\" data-v-59485d64=\"\"><\/div>","protected":false},"excerpt":{"rendered":"<div data-track=\"overview\" data-v-83a2b402=\"\">\n<section id=\"activity-overview\" class=\"activity-overview\" data-component=\"overview\" data-v-83a2b402=\"\" data-v-f3236c42=\"\">\n<p class=\"activity-overview__content\" data-test-id=\"activity-overview-content\" data-v-f3236c42=\"\">Explora un municipio paradis\u00edaco lleno de palmeras y aguas cristalinas con esta excursi\u00f3n a Saman\u00e1 desde Punta Cana. \u00a1No te lo puedes perder!<\/p>\n<\/section>\n<\/div>\n<div data-track=\"key-details\" data-v-83a2b402=\"\"><\/div>","protected":false},"featured_media":15935,"template":"","meta":[],"product_cat":[100],"product_tag":[102,101],"class_list":{"0":"post-15934","1":"product","2":"type-product","3":"status-publish","4":"has-post-thumbnail","6":"product_cat-dominican-republic","7":"product_tag-excursion","8":"product_tag-tour","10":"first","11":"instock","12":"shipping-taxable","13":"product-type-external"},"_links":{"self":[{"href":"https:\/\/gettourguided.com\/es\/wp-json\/wp\/v2\/product\/15934","targetHints":{"allow":["GET"]}}],"collection":[{"href":"https:\/\/gettourguided.com\/es\/wp-json\/wp\/v2\/product"}],"about":[{"href":"https:\/\/gettourguided.com\/es\/wp-json\/wp\/v2\/types\/product"}],"wp:featuredmedia":[{"embeddable":true,"href":"https:\/\/gettourguided.com\/es\/wp-json\/wp\/v2\/media\/15935"}],"wp:attachment":[{"href":"https:\/\/gettourguided.com\/es\/wp-json\/wp\/v2\/media?parent=15934"}],"wp:term":[{"taxonomy":"product_cat","embeddable":true,"href":"https:\/\/gettourguided.com\/es\/wp-json\/wp\/v2\/product_cat?post=15934"},{"taxonomy":"product_tag","embeddable":true,"href":"https:\/\/gettourguided.com\/es\/wp-json\/wp\/v2\/product_tag?post=15934"}],"curies":[{"name":"wp","href":"https:\/\/api.w.org\/{rel}","templated":true}]}}