{"id":18914,"date":"2024-09-26T08:34:58","date_gmt":"2024-09-26T08:34:58","guid":{"rendered":"https:\/\/gettourguided.com\/?post_type=product&#038;p=18914"},"modified":"2024-10-06T19:28:16","modified_gmt":"2024-10-06T19:28:16","slug":"ocean-adventures-punta-cana-sail-sun-catamaran-tour","status":"publish","type":"product","link":"https:\/\/gettourguided.com\/es\/Experiences\/ocean-adventures-punta-cana-sail-sun-catamaran-tour\/","title":{"rendered":"Ocean Adventures Punta Cana: Excursi\u00f3n en catamar\u00e1n Sail &amp; Sun"},"content":{"rendered":"<div class=\"toggle-content__content toggle-content__content--expanded toggle-content__content--packable\" data-v-59485d64=\"\">\n<div data-test-id=\"activity-full-description-text\" data-v-5835c99c=\"\">Embarque en un espl\u00e9ndido catamar\u00e1n y reciba una refrescante bebida de bienvenida. El catamar\u00e1n navegar\u00e1 a lo largo de la costa de B\u00e1varo, haciendo una parada en un arrecife natural virgen. Aqu\u00ed, los hu\u00e9spedes pueden participar en una impresionante aventura de snorkel, explorando la vibrante vida marina y exquisitas formaciones de coral en aguas cristalinas. Una vez de vuelta a bordo, el bar estar\u00e1 abierto para el disfrute de todos. Tras una breve traves\u00eda, el catamar\u00e1n fondear\u00e1 en una fascinante piscina natural. En este banco de arena poco profundo, los hu\u00e9spedes podr\u00e1n participar en entretenidas actividades, saborear sus bebidas en nuestro bar flotante mientras disfrutan del magn\u00edfico entorno, o bailar al ritmo de la m\u00fasica de a bordo.<\/div>\n<\/div>\n<div class=\"toggle-content__label-placeholder\" data-v-59485d64=\"\"><\/div>","protected":false},"excerpt":{"rendered":"<div data-track=\"overview\" data-v-83a2b402=\"\">\n<section id=\"activity-overview\" class=\"activity-overview\" data-component=\"overview\" data-v-83a2b402=\"\" data-v-f3236c42=\"\">\n<p class=\"activity-overview__content\" data-test-id=\"activity-overview-content\" data-v-f3236c42=\"\">Disfrute de una aventura en el mar a bordo de un fabuloso catamar\u00e1n, practicando snorkel para ver peces de colores y formaciones coralinas para terminar en la piscina natural con bailes y bebidas tropicales.<\/p>\n<\/section>\n<\/div>\n<div data-track=\"key-details\" data-v-83a2b402=\"\"><\/div>","protected":false},"featured_media":18916,"template":"","meta":[],"product_cat":[100],"product_tag":[102,101],"class_list":{"0":"post-18914","1":"product","2":"type-product","3":"status-publish","4":"has-post-thumbnail","6":"product_cat-dominican-republic","7":"product_tag-excursion","8":"product_tag-tour","10":"first","11":"instock","12":"sale","13":"shipping-taxable","14":"product-type-external"},"_links":{"self":[{"href":"https:\/\/gettourguided.com\/es\/wp-json\/wp\/v2\/product\/18914","targetHints":{"allow":["GET"]}}],"collection":[{"href":"https:\/\/gettourguided.com\/es\/wp-json\/wp\/v2\/product"}],"about":[{"href":"https:\/\/gettourguided.com\/es\/wp-json\/wp\/v2\/types\/product"}],"wp:featuredmedia":[{"embeddable":true,"href":"https:\/\/gettourguided.com\/es\/wp-json\/wp\/v2\/media\/18916"}],"wp:attachment":[{"href":"https:\/\/gettourguided.com\/es\/wp-json\/wp\/v2\/media?parent=18914"}],"wp:term":[{"taxonomy":"product_cat","embeddable":true,"href":"https:\/\/gettourguided.com\/es\/wp-json\/wp\/v2\/product_cat?post=18914"},{"taxonomy":"product_tag","embeddable":true,"href":"https:\/\/gettourguided.com\/es\/wp-json\/wp\/v2\/product_tag?post=18914"}],"curies":[{"name":"wp","href":"https:\/\/api.w.org\/{rel}","templated":true}]}}