{"id":12001,"date":"2020-09-13T07:13:47","date_gmt":"2020-09-13T07:13:47","guid":{"rendered":"https:\/\/gettourguided.com\/?post_type=product&#038;p=12001"},"modified":"2024-10-07T19:55:07","modified_gmt":"2024-10-07T19:55:07","slug":"half-day-monkeyland-safari","status":"publish","type":"product","link":"https:\/\/gettourguided.com\/fr\/Experiences\/demi-journee-de-safari-au-pays-des-singes\/","title":{"rendered":"Au d\u00e9part de Bayahibe : Safari d'une demi-journ\u00e9e \u00e0 Monkeyland"},"content":{"rendered":"<p>Au d\u00e9part de Bayahibe : Safari d'une demi-journ\u00e9e \u00e0 Monkeyland<\/p>\n<p>After being picked up from your accommodation in Bayahibe, set off on your safari adventure. Begin the tour with a visit to a typical country house where you can mingle with Dominicans and learn how to live off the land and their organic products. There, have the opportunity to try roasted coffee and cocoa. Then, head over to the beautiful botanical garden, where you will learn about the native plants and flowers of the island.<\/p>\n<p>For the next 45 minutes, enjoy a guided tour that allows you to interact with the beautiful and friendly squirrel monkeys at Monkeyland. These charming and intelligent monkeys have been looked after by a Canadian couple with 35 years of experience working with animals, including 12 years at the Toronto Zoo teaching monkeys to trust and enjoy the company of humans.<\/p>\n<p>During the tour, explore 5 acres of a beautiful piece of land that the monkeys have made their home. The monkeys are completely accustomed to human contact. They come down from the trees to sit on your shoulders and eat from your hands. Beware monkeys love all things bright and interesting! Little monkeys love to pose for the cameras and probably will sit, and if allowed, see themselves in your camera. Adorable! Come share an unforgettable experience!<\/p>","protected":false},"excerpt":{"rendered":"<div data-track=\"overview\" data-v-83a2b402=\"\">\n<section id=\"activity-overview\" class=\"activity-overview\" data-component=\"overview\" data-v-83a2b402=\"\" data-v-f3236c42=\"\">\n<p class=\"activity-overview__content\" data-test-id=\"activity-overview-content\" data-v-f3236c42=\"\">Dans un centre g\u00e9r\u00e9 par un couple de Canadiens, vous aurez l'occasion unique d'interagir avec une famille de singes-\u00e9cureuils. Laissez les singes manger directement dans une coupe de fruits que vous tenez dans vos mains et poser pour des photos. Explorez les enclos et les jardins botaniques.<\/p>\n<\/section>\n<\/div>\n<div data-track=\"key-details\" data-v-83a2b402=\"\"><\/div>","protected":false},"featured_media":12009,"template":"","meta":[],"product_cat":[100],"product_tag":[102,101],"class_list":{"0":"post-12001","1":"product","2":"type-product","3":"status-publish","4":"has-post-thumbnail","6":"product_cat-dominican-republic","7":"product_tag-excursion","8":"product_tag-tour","10":"first","11":"instock","12":"sale","13":"shipping-taxable","14":"product-type-external"},"_links":{"self":[{"href":"https:\/\/gettourguided.com\/fr\/wp-json\/wp\/v2\/product\/12001","targetHints":{"allow":["GET"]}}],"collection":[{"href":"https:\/\/gettourguided.com\/fr\/wp-json\/wp\/v2\/product"}],"about":[{"href":"https:\/\/gettourguided.com\/fr\/wp-json\/wp\/v2\/types\/product"}],"wp:featuredmedia":[{"embeddable":true,"href":"https:\/\/gettourguided.com\/fr\/wp-json\/wp\/v2\/media\/12009"}],"wp:attachment":[{"href":"https:\/\/gettourguided.com\/fr\/wp-json\/wp\/v2\/media?parent=12001"}],"wp:term":[{"taxonomy":"product_cat","embeddable":true,"href":"https:\/\/gettourguided.com\/fr\/wp-json\/wp\/v2\/product_cat?post=12001"},{"taxonomy":"product_tag","embeddable":true,"href":"https:\/\/gettourguided.com\/fr\/wp-json\/wp\/v2\/product_tag?post=12001"}],"curies":[{"name":"wp","href":"https:\/\/api.w.org\/{rel}","templated":true}]}}