{"id":16337,"date":"2024-09-21T17:54:47","date_gmt":"2024-09-21T17:54:47","guid":{"rendered":"https:\/\/gettourguided.com\/?post_type=product&#038;p=16337"},"modified":"2024-09-21T17:55:25","modified_gmt":"2024-09-21T17:55:25","slug":"from-punta-cana-samana-full-day-trip-by-bus-and-boat","status":"publish","type":"product","link":"https:\/\/gettourguided.com\/nn\/Experiences\/from-punta-cana-samana-full-day-trip-by-bus-and-boat\/","title":{"rendered":"From Punta Cana: Samana Full Day Trip by Bus and Boat"},"content":{"rendered":"<p>Benefit from hotel pickup in the areas of Punta Cana, Bavaro, Uvero Alto, and Bayahibe, and then experience the amazing countryside of the Dominican Republic from multiple perspectives. Journey along rural roads and get endless photo opportunities.<\/p>\n<p>Start with about an hour&#8217;s drive along El Seybo Highway from Bavaro to Miches. Head to the dock to board a speedboat to Santa B\u00e1rbara de Saman\u00e1. On arrival, climb aboard a safari-style truck, and travel to El Lim\u00f3n. Visit an island house and sample native and organic fruits from the plantation.<\/p>\n<p>Continue to the majestic El Lim\u00f3n Waterfall with a short ride through the tropical forest by horse. Get a unique view of the crystal clear waters from the mountain before saying farewell to the horses and hiking alongside the river to take a refreshing dip in the waterfall.<\/p>\n<p>Replenish with a typical buffet-style meal at Rancho Tipico and enjoy a short rest before going back to the dock in Saman\u00e1.<\/p>\n<div class=\"toggle-content__content toggle-content__content--expanded toggle-content__content--packable\" data-v-59485d64=\"\">\n<div data-test-id=\"activity-full-description-text\" data-v-5835c99c=\"\">Travel to Bacardi Island or Cayo Levantado by speedboat and bathe in the turquoise waters on arrival. Then, board your speedboat for one last trip to Miches, where a bus will be waiting to take you back to your hotel.<\/div>\n<\/div>\n<div class=\"toggle-content__label-placeholder\" data-v-59485d64=\"\"><\/div>","protected":false},"excerpt":{"rendered":"<div data-track=\"overview\" data-v-83a2b402=\"\">\n<section id=\"activity-overview\" class=\"activity-overview\" data-component=\"overview\" data-v-83a2b402=\"\" data-v-f3236c42=\"\">\n<p class=\"activity-overview__content\" data-test-id=\"activity-overview-content\" data-v-f3236c42=\"\">Experience the Dominican Republic on a tour From Punta Cana to Samana. Ride horses to el Limon waterfall, visit Cayo Levantado, Bacardi island, a typical home, and enjoy a buffet-style meal.<\/p>\n<\/section>\n<\/div>\n<div data-track=\"key-details\" data-v-83a2b402=\"\"><\/div>","protected":false},"featured_media":16347,"template":"","meta":[],"product_cat":[77],"product_tag":[102,101],"class_list":{"0":"post-16337","1":"product","2":"type-product","3":"status-publish","4":"has-post-thumbnail","6":"product_cat-uncategorized","7":"product_tag-excursion","8":"product_tag-tour","10":"first","11":"instock","12":"shipping-taxable","13":"product-type-external"},"_links":{"self":[{"href":"https:\/\/gettourguided.com\/nn\/wp-json\/wp\/v2\/product\/16337","targetHints":{"allow":["GET"]}}],"collection":[{"href":"https:\/\/gettourguided.com\/nn\/wp-json\/wp\/v2\/product"}],"about":[{"href":"https:\/\/gettourguided.com\/nn\/wp-json\/wp\/v2\/types\/product"}],"wp:featuredmedia":[{"embeddable":true,"href":"https:\/\/gettourguided.com\/nn\/wp-json\/wp\/v2\/media\/16347"}],"wp:attachment":[{"href":"https:\/\/gettourguided.com\/nn\/wp-json\/wp\/v2\/media?parent=16337"}],"wp:term":[{"taxonomy":"product_cat","embeddable":true,"href":"https:\/\/gettourguided.com\/nn\/wp-json\/wp\/v2\/product_cat?post=16337"},{"taxonomy":"product_tag","embeddable":true,"href":"https:\/\/gettourguided.com\/nn\/wp-json\/wp\/v2\/product_tag?post=16337"}],"curies":[{"name":"wp","href":"https:\/\/api.w.org\/{rel}","templated":true}]}}