{"id":13021,"date":"2024-09-16T14:29:57","date_gmt":"2024-09-16T14:29:57","guid":{"rendered":"https:\/\/gettourguided.com\/?post_type=product&#038;p=13021"},"modified":"2024-09-16T14:30:56","modified_gmt":"2024-09-16T14:30:56","slug":"samana-whale-watching-and-cayo-levantado-full-day-tour-2","status":"publish","type":"product","link":"https:\/\/gettourguided.com\/pt\/Experiences\/samana-whale-watching-and-cayo-levantado-full-day-tour-2\/","title":{"rendered":"Samana: Excurs\u00e3o de dia inteiro para observa\u00e7\u00e3o de baleias e Cayo Levantado"},"content":{"rendered":"<p>We will meet you at Malecon in Samana at 8:30 AM (the exact meeting point and other details are provided in the confirmation message). First we go to observe the whales in their own habitat. After observation, we will go for a typical dominican lunch to Cayo Levantado Island. After lunch you will have free time to enjoy the beach, walk around the island, playing volleyball or just relaxing in the shadow. Around 4:30 PM we will return back to Samana community where the experience finish.<\/p>\n<p>Other things to note<\/p>\n<p>This is an experience to see close the whales. No swimming or touching them.<\/p>\n<p>In case you would like to make a private trip and not be joining a group, please contact us and we will send you prices and other details.<\/p>\n<div class=\"toggle-content__content toggle-content__content--expanded toggle-content__content--packable\" data-v-59485d64=\"\">\n<div data-test-id=\"activity-full-description-text\" data-v-5835c99c=\"\">We have also options of whale watching from Punta Cana, Sabana de la Mar\/Miches and other places with extra Cost.<\/div>\n<\/div>\n<div class=\"toggle-content__label-placeholder\" data-v-59485d64=\"\"><\/div>","protected":false},"excerpt":{"rendered":"<div data-track=\"overview\" data-v-83a2b402=\"\">\n<section id=\"activity-overview\" class=\"activity-overview\" data-component=\"overview\" data-v-83a2b402=\"\" data-v-f3236c42=\"\">\n<p class=\"activity-overview__content\" data-test-id=\"activity-overview-content\" data-v-f3236c42=\"\">Enjoy up-close whale sightings on a scenic cruise departing from Saman\u00e1. Take in beautiful coastal views from the boat and stop at Cayo Levantado Island for lunch and some free time to explore.<\/p>\n<\/section>\n<\/div>\n<div data-track=\"key-details\" data-v-83a2b402=\"\"><\/div>","protected":false},"featured_media":13022,"template":"","meta":[],"product_cat":[100],"product_tag":[102,101],"class_list":{"0":"post-13021","1":"product","2":"type-product","3":"status-publish","4":"has-post-thumbnail","6":"product_cat-dominican-republic","7":"product_tag-excursion","8":"product_tag-tour","10":"first","11":"instock","12":"shipping-taxable","13":"product-type-external"},"_links":{"self":[{"href":"https:\/\/gettourguided.com\/pt\/wp-json\/wp\/v2\/product\/13021","targetHints":{"allow":["GET"]}}],"collection":[{"href":"https:\/\/gettourguided.com\/pt\/wp-json\/wp\/v2\/product"}],"about":[{"href":"https:\/\/gettourguided.com\/pt\/wp-json\/wp\/v2\/types\/product"}],"wp:featuredmedia":[{"embeddable":true,"href":"https:\/\/gettourguided.com\/pt\/wp-json\/wp\/v2\/media\/13022"}],"wp:attachment":[{"href":"https:\/\/gettourguided.com\/pt\/wp-json\/wp\/v2\/media?parent=13021"}],"wp:term":[{"taxonomy":"product_cat","embeddable":true,"href":"https:\/\/gettourguided.com\/pt\/wp-json\/wp\/v2\/product_cat?post=13021"},{"taxonomy":"product_tag","embeddable":true,"href":"https:\/\/gettourguided.com\/pt\/wp-json\/wp\/v2\/product_tag?post=13021"}],"curies":[{"name":"wp","href":"https:\/\/api.w.org\/{rel}","templated":true}]}}