{"id":13857,"date":"2024-09-17T21:00:46","date_gmt":"2024-09-17T21:00:46","guid":{"rendered":"https:\/\/gettourguided.com\/?post_type=product&#038;p=13857"},"modified":"2026-04-09T06:10:31","modified_gmt":"2026-04-09T06:10:31","slug":"learn-to-dance-bachata-like-a-pro-in-punta-cana","status":"publish","type":"product","link":"https:\/\/gettourguided.com\/sv\/Experiences\/lar-dig-dansa-bachata-som-ett-proffs-i-punta-cana\/","title":{"rendered":"L\u00e4r dig dansa Bachata som ett proffs i Punta Cana"},"content":{"rendered":"<p>Du kan inte bes\u00f6ka Dominikanska republiken och inte l\u00e4ra dig att dansa Bachata. Bachata-musik \u00e4r en stor del av den dominikanska kulturen och har sedan dess antagits utomlands.<\/p>\n<p>I den h\u00e4r upplevelsen l\u00e4r du dig att dansa Bachata som ett proffs under en timme. Du kommer att undervisas av en inf\u00f6dd Dominikan som dansar f\u00f6r att leva och professionellt.<\/p>\n<p>F\u00f6rdelning av erfarenheten:<\/p>\n<p>-M\u00f6te och v\u00e4lkomsth\u00e4lsning<\/p>\n<p>-En kort demonstration av dansen<\/p>\n<p>-Solo: l\u00e4ra sig de grundl\u00e4ggande stegen<\/p>\n<p>Bryt<\/p>\n<p>-Duo: l\u00e4ra sig dansa med en partner<\/p>\n<p>-Duo: \u00f6va med olika partners<\/p>\n<p>-Tips och feedback fr\u00e5n v\u00e5r instrukt\u00f6r<\/p>\n<p>Den h\u00e4r unika upplevelsen passar utm\u00e4rkt f\u00f6r singlar, par, familjer och kompisg\u00e4ng.<\/p>\n<p>\u00c4r du redo att imponera p\u00e5 din partner, dina v\u00e4nner eller din familj med dina nyvunna danssteg?<\/p>\n<p>Vi ses p\u00e5 andra sidan \ud83d\ude42 Transport tillg\u00e4nglig p\u00e5 beg\u00e4ran ($).<\/p>\n<div class=\"toggle-content__content toggle-content__content--expanded toggle-content__content--packable\" data-v-59485d64=\"\">\n<div data-test-id=\"activity-full-description-text\" data-v-5835c99c=\"\">***PS: Lektionerna p\u00e5 onsdagar h\u00e5lls i Punta Danza-studion. Ett ID-kort kommer att kr\u00e4vas vid bokningen f\u00f6r att sl\u00e4ppas in vid s\u00e4kerhetsgrinden.<\/div>\n<\/div>\n<div class=\"toggle-content__label-placeholder\" data-v-59485d64=\"\"><\/div>","protected":false},"excerpt":{"rendered":"<div data-track=\"overview\" data-v-83a2b402=\"\">\n<section id=\"activity-overview\" class=\"activity-overview\" data-component=\"overview\" data-v-83a2b402=\"\" data-v-f3236c42=\"\">\n<p class=\"activity-overview__content\" data-test-id=\"activity-overview-content\" data-v-f3236c42=\"\">DR \u00e4r hem f\u00f6r Bachata-musik och du kan l\u00e4ra dig att dansa som ett proffs p\u00e5 bara en timme med en professionell inf\u00f6dd dominikansk dansare. \u00c4r du redo att imponera p\u00e5 dina n\u00e4ra och k\u00e4ra med dina nya danssteg?<\/p>\n<\/section>\n<\/div>\n<div data-track=\"key-details\" data-v-83a2b402=\"\"><\/div>","protected":false},"featured_media":20690,"template":"","meta":[],"product_cat":[100],"product_tag":[102,101],"class_list":{"0":"post-13857","1":"product","2":"type-product","3":"status-publish","4":"has-post-thumbnail","6":"product_cat-dominican-republic","7":"product_tag-excursion","8":"product_tag-tour","10":"first","11":"instock","12":"shipping-taxable","13":"product-type-external"},"_links":{"self":[{"href":"https:\/\/gettourguided.com\/sv\/wp-json\/wp\/v2\/product\/13857","targetHints":{"allow":["GET"]}}],"collection":[{"href":"https:\/\/gettourguided.com\/sv\/wp-json\/wp\/v2\/product"}],"about":[{"href":"https:\/\/gettourguided.com\/sv\/wp-json\/wp\/v2\/types\/product"}],"wp:featuredmedia":[{"embeddable":true,"href":"https:\/\/gettourguided.com\/sv\/wp-json\/wp\/v2\/media\/20690"}],"wp:attachment":[{"href":"https:\/\/gettourguided.com\/sv\/wp-json\/wp\/v2\/media?parent=13857"}],"wp:term":[{"taxonomy":"product_cat","embeddable":true,"href":"https:\/\/gettourguided.com\/sv\/wp-json\/wp\/v2\/product_cat?post=13857"},{"taxonomy":"product_tag","embeddable":true,"href":"https:\/\/gettourguided.com\/sv\/wp-json\/wp\/v2\/product_tag?post=13857"}],"curies":[{"name":"wp","href":"https:\/\/api.w.org\/{rel}","templated":true}]}}